{"id":354,"date":"2023-05-16T11:12:46","date_gmt":"2023-05-16T09:12:46","guid":{"rendered":"https:\/\/haut-en-couleurs.fr\/?page_id=354"},"modified":"2023-05-31T12:11:11","modified_gmt":"2023-05-31T10:11:11","slug":"quest-ce-quun-cours-dhuile","status":"publish","type":"page","link":"https:\/\/haut-en-couleurs.fr\/index.php\/cours\/huile\/quest-ce-quun-cours-dhuile\/","title":{"rendered":"Qu&rsquo;est-ce qu&rsquo;un cours d&rsquo;huile ?"},"content":{"rendered":"\t\t<div data-elementor-type=\"wp-page\" data-elementor-id=\"354\" class=\"elementor elementor-354\">\n\t\t\t\t\t\t<section class=\"elementor-section elementor-top-section elementor-element elementor-element-e7a625c elementor-section-boxed elementor-section-height-default elementor-section-height-default\" data-id=\"e7a625c\" data-element_type=\"section\">\n\t\t\t\t\t\t<div class=\"elementor-container elementor-column-gap-default\">\n\t\t\t\t\t<div class=\"elementor-column elementor-col-100 elementor-top-column elementor-element elementor-element-ddfcf0c\" data-id=\"ddfcf0c\" data-element_type=\"column\">\n\t\t\t<div class=\"elementor-widget-wrap elementor-element-populated\">\n\t\t\t\t\t\t<div class=\"elementor-element elementor-element-bdd6d30 elementor-widget elementor-widget-heading\" data-id=\"bdd6d30\" data-element_type=\"widget\" data-widget_type=\"heading.default\">\n\t\t\t\t<div class=\"elementor-widget-container\">\n\t\t\t\t\t<h2 class=\"elementor-heading-title elementor-size-xl\">Huile et acrylique : que fait-on ?<\/h2>\t\t\t\t<\/div>\n\t\t\t\t<\/div>\n\t\t\t\t<div class=\"elementor-element elementor-element-8c5925d elementor-widget elementor-widget-text-editor\" data-id=\"8c5925d\" data-element_type=\"widget\" data-widget_type=\"text-editor.default\">\n\t\t\t\t<div class=\"elementor-widget-container\">\n\t\t\t\t\t\t\t\t\t<p><img decoding=\"async\" class=\"size-medium wp-image-358 alignleft\" src=\"http:\/\/haut-en-couleurs.fr\/wp-content\/uploads\/2023\/05\/huile_a-300x149.jpg\" alt=\"\" width=\"300\" height=\"149\" srcset=\"https:\/\/haut-en-couleurs.fr\/wp-content\/uploads\/2023\/05\/huile_a-300x149.jpg 300w, https:\/\/haut-en-couleurs.fr\/wp-content\/uploads\/2023\/05\/huile_a.jpg 500w\" sizes=\"(max-width: 300px) 100vw, 300px\" \/>La peinture \u00e0 l\u2019huile se pr\u00e9sente entre-autre, en tubes.<\/p><p>Sur les tubes on a des indications qui parlent de la couleur. En effet on a des petites croix, ces cro<\/p><p>ix nous parlent de la stabilit\u00e9 de la couleur dans le temps. Nous avons aussi des petits carr\u00e9s qui nous donnent une indication sur l\u2019opacit\u00e9 de cette couleur. Si le carr\u00e9 est blanc la couleur est transparente, si le carr\u00e9 est \u00e0 moiti\u00e9 noir, la couleur est moyennement opaque, et si le carr\u00e9 est noir la couleur est couvrante.<\/p><p>On peut peindre sur diff\u00e9rents supports \u00e0 condition d\u2019appr\u00eater le support. G\u00e9n\u00e9ralement je mets du GESSO, m\u00e9dium acrylique, qui permet \u00e0 la peinture de bien adh\u00e9rer.<\/p><p>Ne pas oublier de mettre dans les ch\u00e2ssis les petites cl\u00e9s qui sont donn\u00e9es avec, elles permettent de bien tendre la toile avant de peindre et donc d\u2019avoir un support rigide.<\/p><p>J\u2019utilise: des pinceaux plats en nylon des pinceaux ronds en nylon et un trainard qui rend bien des services pour faire les branches d\u2019arbres.<\/p><p><img fetchpriority=\"high\" decoding=\"async\" class=\"size-medium wp-image-357 alignright\" src=\"http:\/\/haut-en-couleurs.fr\/wp-content\/uploads\/2023\/05\/huile_b-300x180.jpg\" alt=\"\" width=\"300\" height=\"180\" srcset=\"https:\/\/haut-en-couleurs.fr\/wp-content\/uploads\/2023\/05\/huile_b-300x180.jpg 300w, https:\/\/haut-en-couleurs.fr\/wp-content\/uploads\/2023\/05\/huile_b.jpg 500w\" sizes=\"(max-width: 300px) 100vw, 300px\" \/><\/p><p>\u00a0<\/p><p>De la t\u00e9r\u00e9benthine comme diluant de la peinture (attention tous ces produits sont dangereux je pr\u00e9conise de mettre des gants!).<br \/>Des couteaux qui servent \u00e0 m\u00e9langer la peinture qui sont g\u00e9n\u00e9ralement plats pour bien \u00e9craser et battre la peinture comme une cr\u00e8me. Les couteaux \u00e0 peindre sont triangulaires.<br \/>Des chiffons, une palette en papier sp\u00e9cial huile, jetable \u00e0 la fin de la s\u00e9ance.<\/p><p>Comme \u00e0 l\u2019aquarelle le croquis est tr\u00e8s important car il permet de placer tous les \u00e9l\u00e9ments qui vont servir \u00e0 la r\u00e9alisation du tableau.<\/p><p>La peinture au couteau permet de peindre avec plus de mati\u00e8re donc plus en \u00e9paisseur.<\/p><p>La peinture \u00e0 l\u2019huile s\u00e8che lentement contrairement \u00e0 l\u2019acrylique qui s\u00e8che tr\u00e8s vite.<\/p><p>Les pigment acryliques sont les m\u00eames que l\u2019huile et aquarelle sauf qu\u2019ils sont diluable \u00e0 l\u2019eau.<\/p><p>On peut utiliser des m\u00e9diums pour retarder le s\u00e9chage ou utiliser des m\u00e9diums d\u2019emp\u00e2tement pour augmenter la densit\u00e9 de la peinture.<\/p>\t\t\t\t\t\t\t\t<\/div>\n\t\t\t\t<\/div>\n\t\t\t\t\t<\/div>\n\t\t<\/div>\n\t\t\t\t\t<\/div>\n\t\t<\/section>\n\t\t\t\t<section class=\"elementor-section elementor-top-section elementor-element elementor-element-c277690 elementor-section-boxed elementor-section-height-default elementor-section-height-default\" data-id=\"c277690\" data-element_type=\"section\">\n\t\t\t\t\t\t<div class=\"elementor-container elementor-column-gap-default\">\n\t\t\t\t\t<div class=\"elementor-column elementor-col-50 elementor-top-column elementor-element elementor-element-f4f0ee3\" data-id=\"f4f0ee3\" data-element_type=\"column\">\n\t\t\t<div class=\"elementor-widget-wrap\">\n\t\t\t\t\t\t\t<\/div>\n\t\t<\/div>\n\t\t\t\t<div class=\"elementor-column elementor-col-50 elementor-top-column elementor-element elementor-element-05d46cd\" data-id=\"05d46cd\" data-element_type=\"column\">\n\t\t\t<div class=\"elementor-widget-wrap elementor-element-populated\">\n\t\t\t\t\t\t<div class=\"elementor-element elementor-element-8c65138 elementor-widget elementor-widget-text-editor\" data-id=\"8c65138\" data-element_type=\"widget\" data-widget_type=\"text-editor.default\">\n\t\t\t\t<div class=\"elementor-widget-container\">\n\t\t\t\t\t\t\t\t\t<p><a href=\"https:\/\/haut-en-couleurs.fr\/index.php\/cours\/huile\/\">Revenir aux cours d&rsquo;huile<\/a><\/p>\t\t\t\t\t\t\t\t<\/div>\n\t\t\t\t<\/div>\n\t\t\t\t\t<\/div>\n\t\t<\/div>\n\t\t\t\t\t<\/div>\n\t\t<\/section>\n\t\t\t\t<section class=\"elementor-section elementor-top-section elementor-element elementor-element-5b8201d elementor-section-boxed elementor-section-height-default elementor-section-height-default\" data-id=\"5b8201d\" data-element_type=\"section\">\n\t\t\t\t\t\t<div class=\"elementor-container elementor-column-gap-default\">\n\t\t\t\t\t<div class=\"elementor-column elementor-col-33 elementor-top-column elementor-element elementor-element-8a9759e\" data-id=\"8a9759e\" data-element_type=\"column\">\n\t\t\t<div class=\"elementor-widget-wrap\">\n\t\t\t\t\t\t\t<\/div>\n\t\t<\/div>\n\t\t\t\t<div class=\"elementor-column elementor-col-33 elementor-top-column elementor-element elementor-element-7929935\" data-id=\"7929935\" data-element_type=\"column\">\n\t\t\t<div class=\"elementor-widget-wrap elementor-element-populated\">\n\t\t\t\t\t\t<div class=\"elementor-element elementor-element-d3e9ea4 elementor-align-center elementor-widget elementor-widget-button\" data-id=\"d3e9ea4\" data-element_type=\"widget\" data-widget_type=\"button.default\">\n\t\t\t\t<div class=\"elementor-widget-container\">\n\t\t\t\t\t\t\t\t\t<div class=\"elementor-button-wrapper\">\n\t\t\t\t\t<a class=\"elementor-button elementor-button-link elementor-size-md\" href=\"https:\/\/haut-en-couleurs.fr\/index.php\/cours\/huile\/\">\n\t\t\t\t\t\t<span class=\"elementor-button-content-wrapper\">\n\t\t\t\t\t\t\t\t\t<span class=\"elementor-button-text\">Retour vers la page principale du cours<\/span>\n\t\t\t\t\t<\/span>\n\t\t\t\t\t<\/a>\n\t\t\t\t<\/div>\n\t\t\t\t\t\t\t\t<\/div>\n\t\t\t\t<\/div>\n\t\t\t\t\t<\/div>\n\t\t<\/div>\n\t\t\t\t<div class=\"elementor-column elementor-col-33 elementor-top-column elementor-element elementor-element-d439faf\" data-id=\"d439faf\" data-element_type=\"column\">\n\t\t\t<div class=\"elementor-widget-wrap\">\n\t\t\t\t\t\t\t<\/div>\n\t\t<\/div>\n\t\t\t\t\t<\/div>\n\t\t<\/section>\n\t\t\t\t<\/div>\n\t\t","protected":false},"excerpt":{"rendered":"<p>Huile et acrylique : que fait-on ? La peinture \u00e0 l\u2019huile se pr\u00e9sente entre-autre, en tubes. Sur les tubes on a des indications qui parlent de la couleur. En effet on a des petites croix, ces cro ix nous parlent de la stabilit\u00e9 de la couleur dans le temps. Nous avons aussi des petits carr\u00e9s [&hellip;]<\/p>\n","protected":false},"author":1,"featured_media":0,"parent":269,"menu_order":0,"comment_status":"closed","ping_status":"closed","template":"","meta":{"ocean_post_layout":"","ocean_both_sidebars_style":"","ocean_both_sidebars_content_width":0,"ocean_both_sidebars_sidebars_width":0,"ocean_sidebar":"0","ocean_second_sidebar":"0","ocean_disable_margins":"enable","ocean_add_body_class":"","ocean_shortcode_before_top_bar":"","ocean_shortcode_after_top_bar":"","ocean_shortcode_before_header":"","ocean_shortcode_after_header":"","ocean_has_shortcode":"","ocean_shortcode_after_title":"","ocean_shortcode_before_footer_widgets":"","ocean_shortcode_after_footer_widgets":"","ocean_shortcode_before_footer_bottom":"","ocean_shortcode_after_footer_bottom":"","ocean_display_top_bar":"default","ocean_display_header":"default","ocean_header_style":"","ocean_center_header_left_menu":"0","ocean_custom_header_template":"0","ocean_custom_logo":0,"ocean_custom_retina_logo":0,"ocean_custom_logo_max_width":0,"ocean_custom_logo_tablet_max_width":0,"ocean_custom_logo_mobile_max_width":0,"ocean_custom_logo_max_height":0,"ocean_custom_logo_tablet_max_height":0,"ocean_custom_logo_mobile_max_height":0,"ocean_header_custom_menu":"0","ocean_menu_typo_font_family":"0","ocean_menu_typo_font_subset":"","ocean_menu_typo_font_size":0,"ocean_menu_typo_font_size_tablet":0,"ocean_menu_typo_font_size_mobile":0,"ocean_menu_typo_font_size_unit":"px","ocean_menu_typo_font_weight":"","ocean_menu_typo_font_weight_tablet":"","ocean_menu_typo_font_weight_mobile":"","ocean_menu_typo_transform":"","ocean_menu_typo_transform_tablet":"","ocean_menu_typo_transform_mobile":"","ocean_menu_typo_line_height":0,"ocean_menu_typo_line_height_tablet":0,"ocean_menu_typo_line_height_mobile":0,"ocean_menu_typo_line_height_unit":"","ocean_menu_typo_spacing":0,"ocean_menu_typo_spacing_tablet":0,"ocean_menu_typo_spacing_mobile":0,"ocean_menu_typo_spacing_unit":"","ocean_menu_link_color":"","ocean_menu_link_color_hover":"","ocean_menu_link_color_active":"","ocean_menu_link_background":"","ocean_menu_link_hover_background":"","ocean_menu_link_active_background":"","ocean_menu_social_links_bg":"","ocean_menu_social_hover_links_bg":"","ocean_menu_social_links_color":"","ocean_menu_social_hover_links_color":"","ocean_disable_title":"default","ocean_disable_heading":"on","ocean_post_title":"","ocean_post_subheading":"","ocean_post_title_style":"","ocean_post_title_background_color":"","ocean_post_title_background":0,"ocean_post_title_bg_image_position":"","ocean_post_title_bg_image_attachment":"","ocean_post_title_bg_image_repeat":"","ocean_post_title_bg_image_size":"","ocean_post_title_height":0,"ocean_post_title_bg_overlay":0.5,"ocean_post_title_bg_overlay_color":"","ocean_disable_breadcrumbs":"default","ocean_breadcrumbs_color":"","ocean_breadcrumbs_separator_color":"","ocean_breadcrumbs_links_color":"","ocean_breadcrumbs_links_hover_color":"","ocean_display_footer_widgets":"default","ocean_display_footer_bottom":"default","ocean_custom_footer_template":"0","footnotes":""},"class_list":["post-354","page","type-page","status-publish","hentry","entry"],"_links":{"self":[{"href":"https:\/\/haut-en-couleurs.fr\/index.php\/wp-json\/wp\/v2\/pages\/354","targetHints":{"allow":["GET"]}}],"collection":[{"href":"https:\/\/haut-en-couleurs.fr\/index.php\/wp-json\/wp\/v2\/pages"}],"about":[{"href":"https:\/\/haut-en-couleurs.fr\/index.php\/wp-json\/wp\/v2\/types\/page"}],"author":[{"embeddable":true,"href":"https:\/\/haut-en-couleurs.fr\/index.php\/wp-json\/wp\/v2\/users\/1"}],"replies":[{"embeddable":true,"href":"https:\/\/haut-en-couleurs.fr\/index.php\/wp-json\/wp\/v2\/comments?post=354"}],"version-history":[{"count":8,"href":"https:\/\/haut-en-couleurs.fr\/index.php\/wp-json\/wp\/v2\/pages\/354\/revisions"}],"predecessor-version":[{"id":722,"href":"https:\/\/haut-en-couleurs.fr\/index.php\/wp-json\/wp\/v2\/pages\/354\/revisions\/722"}],"up":[{"embeddable":true,"href":"https:\/\/haut-en-couleurs.fr\/index.php\/wp-json\/wp\/v2\/pages\/269"}],"wp:attachment":[{"href":"https:\/\/haut-en-couleurs.fr\/index.php\/wp-json\/wp\/v2\/media?parent=354"}],"curies":[{"name":"wp","href":"https:\/\/api.w.org\/{rel}","templated":true}]}}