{"id":865,"date":"2023-06-01T11:35:14","date_gmt":"2023-06-01T09:35:14","guid":{"rendered":"https:\/\/haut-en-couleurs.fr\/?page_id=865"},"modified":"2023-06-01T14:26:16","modified_gmt":"2023-06-01T12:26:16","slug":"stages-et-sorties","status":"publish","type":"page","link":"https:\/\/haut-en-couleurs.fr\/index.php\/hors-les-murs\/stages-et-sorties\/","title":{"rendered":"Stages et sorties"},"content":{"rendered":"\t\t<div data-elementor-type=\"wp-page\" data-elementor-id=\"865\" class=\"elementor elementor-865\">\n\t\t\t\t\t\t<section class=\"elementor-section elementor-top-section elementor-element elementor-element-caeffaf elementor-section-boxed elementor-section-height-default elementor-section-height-default\" data-id=\"caeffaf\" data-element_type=\"section\">\n\t\t\t\t\t\t<div class=\"elementor-container elementor-column-gap-default\">\n\t\t\t\t\t<div class=\"elementor-column elementor-col-100 elementor-top-column elementor-element elementor-element-dc2c509\" data-id=\"dc2c509\" data-element_type=\"column\">\n\t\t\t<div class=\"elementor-widget-wrap elementor-element-populated\">\n\t\t\t\t\t\t<div class=\"elementor-element elementor-element-2e3aac7 elementor-widget elementor-widget-heading\" data-id=\"2e3aac7\" data-element_type=\"widget\" data-widget_type=\"heading.default\">\n\t\t\t\t<div class=\"elementor-widget-container\">\n\t\t\t\t\t<h2 class=\"elementor-heading-title elementor-size-xl\">Stages et sorties<\/h2>\t\t\t\t<\/div>\n\t\t\t\t<\/div>\n\t\t\t\t<div class=\"elementor-element elementor-element-b195c68 elementor-widget elementor-widget-text-editor\" data-id=\"b195c68\" data-element_type=\"widget\" data-widget_type=\"text-editor.default\">\n\t\t\t\t<div class=\"elementor-widget-container\">\n\t\t\t\t\t\t\t\t\t<p>Quand la m\u00e9t\u00e9o le permet, nous profitons des charmes de nos parcs pour nous lancer dans des s\u00e9ances \u00ab\u00a0sur le motif\u00a0\u00bb, tr\u00e8s appr\u00e9ci\u00e9es de nos adh\u00e9rents.<\/p>\t\t\t\t\t\t\t\t<\/div>\n\t\t\t\t<\/div>\n\t\t\t\t<div class=\"elementor-element elementor-element-b309f8a elementor-widget elementor-widget-modula_elementor_gallery\" data-id=\"b309f8a\" data-element_type=\"widget\" data-widget_type=\"modula_elementor_gallery.default\">\n\t\t\t\t<div class=\"elementor-widget-container\">\n\t\t\t\t\t<style>#jtg-870 .modula-item .jtg-social a, .lightbox-socials.jtg-social a{ fill: #ffffff; color: #ffffff }#jtg-870 .modula-item .jtg-social-expandable a{ fill: #ffffff; color: #ffffff }#jtg-870 .modula-item .jtg-social svg, .lightbox-socials.jtg-social svg { height: 16px; width: 16px }#jtg-870 .modula-item .jtg-social-expandable svg { height: 16px; width: 16px }#jtg-870 .modula-item .jtg-social a:not(:last-child), .lightbox-socials.jtg-social a:not(:last-child) { margin-right: 10px }#jtg-870 .modula-item .jtg-social-expandable .jtg-social-expandable-icons a:not(:last-child){ margin-right: 10px }#jtg-870 .modula-item .figc {color:#ffffff;}#jtg-870 .modula-item .modula-item-content { transform: scale(1) }#jtg-870 { width:100%;}#jtg-870 .modula-items{height:800px;}@media screen and (max-width: 992px) {#jtg-870 .modula-items{height:800px;}}@media screen and (max-width: 768px) {#jtg-870 .modula-items{height:800px;}}#jtg-870 .modula-items .figc p.description { font-size:14px; }#jtg-870 .modula-items .figc p.description { color:#ffffff;}#jtg-870.modula-gallery .modula-item > a, #jtg-870.modula-gallery .modula-item, #jtg-870.modula-gallery .modula-item-content > a:not(.modula-no-follow) { cursor:zoom-in; } #jtg-870.modula-gallery .modula-item-content .modula-no-follow { cursor: default; } @media screen and (max-width:480px){#jtg-870 .modula-item .figc .jtg-title {  font-size: 12px; }#jtg-870 .modula-items .figc p.description { color:#ffffff;font-size:10px; }}<\/style>\n<div  id=\"jtg-870\" class=\"modula modula-gallery modula-creative-gallery modula-is-lazy\" data-config=\"{&quot;height&quot;:800,&quot;tabletHeight&quot;:800,&quot;mobileHeight&quot;:800,&quot;desktopHeight&quot;:800,&quot;enableTwitter&quot;:false,&quot;enableWhatsapp&quot;:false,&quot;enableFacebook&quot;:false,&quot;enablePinterest&quot;:false,&quot;enableLinkedin&quot;:false,&quot;enableEmail&quot;:false,&quot;randomFactor&quot;:0.5,&quot;type&quot;:&quot;creative-gallery&quot;,&quot;columns&quot;:12,&quot;gutter&quot;:10,&quot;mobileGutter&quot;:10,&quot;tabletGutter&quot;:10,&quot;desktopGutter&quot;:10,&quot;enableResponsive&quot;:&quot;0&quot;,&quot;tabletColumns&quot;:&quot;2&quot;,&quot;mobileColumns&quot;:&quot;1&quot;,&quot;lazyLoad&quot;:&quot;1&quot;,&quot;lightboxOpts&quot;:{&quot;animated&quot;:true,&quot;Thumbs&quot;:{&quot;type&quot;:&quot;modern&quot;,&quot;showOnStart&quot;:false},&quot;Toolbar&quot;:{&quot;display&quot;:{&quot;right&quot;:[&quot;close&quot;]},&quot;enabled&quot;:true},&quot;Carousel&quot;:{&quot;Panzoom&quot;:{&quot;touch&quot;:false},&quot;infinite&quot;:false},&quot;keyboard&quot;:{&quot;Escape&quot;:&quot;close&quot;,&quot;Delete&quot;:&quot;close&quot;,&quot;Backspace&quot;:&quot;close&quot;,&quot;PageUp&quot;:false,&quot;PageDown&quot;:false,&quot;ArrowUp&quot;:false,&quot;ArrowDown&quot;:false,&quot;ArrowRight&quot;:false,&quot;ArrowLeft&quot;:false},&quot;touch&quot;:false,&quot;backdropClick&quot;:false,&quot;l10n&quot;:{&quot;CLOSE&quot;:&quot;Close&quot;,&quot;NEXT&quot;:&quot;Next&quot;,&quot;PREV&quot;:&quot;Previous&quot;,&quot;Error&quot;:&quot;The requested content cannot be loaded. Please try again later.&quot;,&quot;PLAY_START&quot;:&quot;Start slideshow&quot;,&quot;PLAY_STOP&quot;:&quot;Pause slideshow&quot;,&quot;FULL_SCREEN&quot;:&quot;Full screen&quot;,&quot;THUMBS&quot;:&quot;Thumbnails&quot;,&quot;DOWNLOAD&quot;:&quot;Download&quot;,&quot;SHARE&quot;:&quot;Share&quot;,&quot;ZOOM&quot;:&quot;Zoom&quot;,&quot;EMAIL&quot;:&quot;Here is the link to the image : %%image_link%% and this is the link to the gallery : %%gallery_link%%&quot;,&quot;MODAL&quot;:&quot;You can close this modal content with the ESC key&quot;,&quot;ERROR&quot;:&quot;Something Went Wrong, Please Try Again Later&quot;,&quot;IMAGE_ERROR&quot;:&quot;Image Not Found&quot;,&quot;ELEMENT_NOT_FOUND&quot;:&quot;HTML Element Not Found&quot;,&quot;AJAX_NOT_FOUND&quot;:&quot;Error Loading AJAX : Not Found&quot;,&quot;AJAX_FORBIDDEN&quot;:&quot;Error Loading AJAX : Forbidden&quot;,&quot;IFRAME_ERROR&quot;:&quot;Error Loading Page&quot;,&quot;TOGGLE_ZOOM&quot;:&quot;Toggle zoom level&quot;,&quot;TOGGLE_THUMBS&quot;:&quot;Toggle thumbnails&quot;,&quot;TOGGLE_SLIDESHOW&quot;:&quot;Toggle slideshow&quot;,&quot;TOGGLE_FULLSCREEN&quot;:&quot;Toggle full-screen mode&quot;},&quot;Images&quot;:{&quot;Panzoom&quot;:{&quot;maxScale&quot;:2}},&quot;mainClass&quot;:&quot;modula-fancybox-container modula-lightbox-jtg-870&quot;,&quot;Html&quot;:{&quot;videoAutoplay&quot;:0,&quot;videoTpl&quot;:&quot;&lt;video class=\\&quot;fancybox__html5video\\&quot; controls muted playsinline controlsList controlsList=\\&quot;nodownload\\&quot; poster=\\&quot;{{poster}}\\&quot; src=\\&quot;{{src}}\\&quot; type=\\&quot;{{format}}\\&quot; &gt;  Sorry, your browser doesn&#039;t support embedded videos, &lt;a href=\\&quot;{{src}}\\&quot;&gt; download &lt;\\\/a&gt; and watch with your favorite video player! &lt;\\\/video&gt;&quot;}},&quot;inView&quot;:false,&quot;email_subject&quot;:&quot;Check out this awesome image !!&quot;,&quot;email_message&quot;:&quot;Here is the link to the image : %%image_link%% and this is the link to the gallery : %%gallery_link%%&quot;,&quot;lightbox&quot;:&quot;fancybox&quot;}\">\n\n\t\n\t<div  class=\"modula-items\">\n\t\t<div class=\"modula-item effect-pufrobo\" >\n\t<div class=\"modula-item-overlay\"><\/div>\n\n\t<div class=\"modula-item-content\">\n\n\t\t\t\t\n\t\t\t\t\t<a data-image-id=\"871\" data-elementor-open-lightbox=\"no\" tabindex=\"0\" rel=\"jtg-870\" data-caption=\"\" aria-label=\"Open image in lightbox\" role=\"button\" class=\"tile-inner modula-item-link\"><\/a>\n\t\t\n\t\t<img fetchpriority=\"high\" class=\"pic wp-image-871 lazyload\"  data-valign=\"middle\" data-halign=\"center\" alt=\"\" data-full=\"https:\/\/haut-en-couleurs.fr\/wp-content\/uploads\/2023\/06\/hlm-024.jpg\" title=\"hlm - 024\" width=\"185\" height=\"300\" data-src=\"https:\/\/haut-en-couleurs.fr\/wp-content\/uploads\/2023\/06\/hlm-024-185x300.jpg\" data-caption=\"\" data-source=\"modula\" data-srcset=\"https:\/\/haut-en-couleurs.fr\/wp-content\/uploads\/2023\/06\/hlm-024.jpg 584w, https:\/\/haut-en-couleurs.fr\/wp-content\/uploads\/2023\/06\/hlm-024-185x300.jpg 185w\" data-sizes=\"(max-width: 185px) 100vw, 185px\" \/>\n\t\t<div class=\"figc no-description\">\n\t\t\t<div class=\"figc-inner\">\n\t\t\t\t\t\t\t\t\t\t\t\t\t\t\t<\/div>\n\t\t<\/div>\n\n\t<\/div>\n\n<\/div><div class=\"modula-item effect-pufrobo\" >\n\t<div class=\"modula-item-overlay\"><\/div>\n\n\t<div class=\"modula-item-content\">\n\n\t\t\t\t\n\t\t\t\t\t<a data-image-id=\"872\" data-elementor-open-lightbox=\"no\" tabindex=\"0\" rel=\"jtg-870\" data-caption=\"\" aria-label=\"Open image in lightbox\" role=\"button\" class=\"tile-inner modula-item-link\"><\/a>\n\t\t\n\t\t<img class=\"pic wp-image-872 lazyload\"  data-valign=\"middle\" data-halign=\"center\" alt=\"\" data-full=\"https:\/\/haut-en-couleurs.fr\/wp-content\/uploads\/2023\/06\/hlm-023.jpg\" title=\"hlm - 023\" width=\"300\" height=\"274\" data-src=\"https:\/\/haut-en-couleurs.fr\/wp-content\/uploads\/2023\/06\/hlm-023-300x274.jpg\" data-caption=\"\" data-source=\"modula\" data-srcset=\"https:\/\/haut-en-couleurs.fr\/wp-content\/uploads\/2023\/06\/hlm-023.jpg 1492w, https:\/\/haut-en-couleurs.fr\/wp-content\/uploads\/2023\/06\/hlm-023-300x274.jpg 300w, https:\/\/haut-en-couleurs.fr\/wp-content\/uploads\/2023\/06\/hlm-023-1024x935.jpg 1024w, https:\/\/haut-en-couleurs.fr\/wp-content\/uploads\/2023\/06\/hlm-023-768x701.jpg 768w\" data-sizes=\"(max-width: 300px) 100vw, 300px\" \/>\n\t\t<div class=\"figc no-description\">\n\t\t\t<div class=\"figc-inner\">\n\t\t\t\t\t\t\t\t\t\t\t\t\t\t\t<\/div>\n\t\t<\/div>\n\n\t<\/div>\n\n<\/div><div class=\"modula-item effect-pufrobo\" >\n\t<div class=\"modula-item-overlay\"><\/div>\n\n\t<div class=\"modula-item-content\">\n\n\t\t\t\t\n\t\t\t\t\t<a data-image-id=\"873\" data-elementor-open-lightbox=\"no\" tabindex=\"0\" rel=\"jtg-870\" data-caption=\"\" aria-label=\"Open image in lightbox\" role=\"button\" class=\"tile-inner modula-item-link\"><\/a>\n\t\t\n\t\t<img class=\"pic wp-image-873 lazyload\"  data-valign=\"middle\" data-halign=\"center\" alt=\"\" data-full=\"https:\/\/haut-en-couleurs.fr\/wp-content\/uploads\/2023\/06\/hlm-022.jpg\" title=\"hlm - 022\" width=\"300\" height=\"200\" data-src=\"https:\/\/haut-en-couleurs.fr\/wp-content\/uploads\/2023\/06\/hlm-022-300x200.jpg\" data-caption=\"\" data-source=\"modula\" data-srcset=\"https:\/\/haut-en-couleurs.fr\/wp-content\/uploads\/2023\/06\/hlm-022.jpg 2048w, https:\/\/haut-en-couleurs.fr\/wp-content\/uploads\/2023\/06\/hlm-022-300x200.jpg 300w, https:\/\/haut-en-couleurs.fr\/wp-content\/uploads\/2023\/06\/hlm-022-1024x683.jpg 1024w, https:\/\/haut-en-couleurs.fr\/wp-content\/uploads\/2023\/06\/hlm-022-768x512.jpg 768w, https:\/\/haut-en-couleurs.fr\/wp-content\/uploads\/2023\/06\/hlm-022-1536x1024.jpg 1536w\" data-sizes=\"(max-width: 300px) 100vw, 300px\" \/>\n\t\t<div class=\"figc no-description\">\n\t\t\t<div class=\"figc-inner\">\n\t\t\t\t\t\t\t\t\t\t\t\t\t\t\t<\/div>\n\t\t<\/div>\n\n\t<\/div>\n\n<\/div><div class=\"modula-item effect-pufrobo\" >\n\t<div class=\"modula-item-overlay\"><\/div>\n\n\t<div class=\"modula-item-content\">\n\n\t\t\t\t\n\t\t\t\t\t<a data-image-id=\"874\" data-elementor-open-lightbox=\"no\" tabindex=\"0\" rel=\"jtg-870\" data-caption=\"\" aria-label=\"Open image in lightbox\" role=\"button\" class=\"tile-inner modula-item-link\"><\/a>\n\t\t\n\t\t<img loading=\"lazy\" class=\"pic wp-image-874 lazyload\"  data-valign=\"middle\" data-halign=\"center\" alt=\"\" data-full=\"https:\/\/haut-en-couleurs.fr\/wp-content\/uploads\/2023\/06\/hlm-021.jpg\" title=\"hlm - 021\" width=\"196\" height=\"300\" data-src=\"https:\/\/haut-en-couleurs.fr\/wp-content\/uploads\/2023\/06\/hlm-021-196x300.jpg\" data-caption=\"\" data-source=\"modula\" data-srcset=\"https:\/\/haut-en-couleurs.fr\/wp-content\/uploads\/2023\/06\/hlm-021.jpg 615w, https:\/\/haut-en-couleurs.fr\/wp-content\/uploads\/2023\/06\/hlm-021-196x300.jpg 196w\" data-sizes=\"(max-width: 196px) 100vw, 196px\" \/>\n\t\t<div class=\"figc no-description\">\n\t\t\t<div class=\"figc-inner\">\n\t\t\t\t\t\t\t\t\t\t\t\t\t\t\t<\/div>\n\t\t<\/div>\n\n\t<\/div>\n\n<\/div><div class=\"modula-item effect-pufrobo\" >\n\t<div class=\"modula-item-overlay\"><\/div>\n\n\t<div class=\"modula-item-content\">\n\n\t\t\t\t\n\t\t\t\t\t<a data-image-id=\"875\" data-elementor-open-lightbox=\"no\" tabindex=\"0\" rel=\"jtg-870\" data-caption=\"\" aria-label=\"Open image in lightbox\" role=\"button\" class=\"tile-inner modula-item-link\"><\/a>\n\t\t\n\t\t<img loading=\"lazy\" class=\"pic wp-image-875 lazyload\"  data-valign=\"middle\" data-halign=\"center\" alt=\"\" data-full=\"https:\/\/haut-en-couleurs.fr\/wp-content\/uploads\/2023\/06\/hlm-020.jpg\" title=\"hlm - 020\" width=\"300\" height=\"225\" data-src=\"https:\/\/haut-en-couleurs.fr\/wp-content\/uploads\/2023\/06\/hlm-020-300x225.jpg\" data-caption=\"\" data-source=\"modula\" data-srcset=\"https:\/\/haut-en-couleurs.fr\/wp-content\/uploads\/2023\/06\/hlm-020.jpg 2048w, https:\/\/haut-en-couleurs.fr\/wp-content\/uploads\/2023\/06\/hlm-020-300x225.jpg 300w, https:\/\/haut-en-couleurs.fr\/wp-content\/uploads\/2023\/06\/hlm-020-1024x768.jpg 1024w, https:\/\/haut-en-couleurs.fr\/wp-content\/uploads\/2023\/06\/hlm-020-768x576.jpg 768w, https:\/\/haut-en-couleurs.fr\/wp-content\/uploads\/2023\/06\/hlm-020-1536x1152.jpg 1536w\" data-sizes=\"(max-width: 300px) 100vw, 300px\" \/>\n\t\t<div class=\"figc no-description\">\n\t\t\t<div class=\"figc-inner\">\n\t\t\t\t\t\t\t\t\t\t\t\t\t\t\t<\/div>\n\t\t<\/div>\n\n\t<\/div>\n\n<\/div><div class=\"modula-item effect-pufrobo\" >\n\t<div class=\"modula-item-overlay\"><\/div>\n\n\t<div class=\"modula-item-content\">\n\n\t\t\t\t\n\t\t\t\t\t<a data-image-id=\"876\" data-elementor-open-lightbox=\"no\" tabindex=\"0\" rel=\"jtg-870\" data-caption=\"\" aria-label=\"Open image in lightbox\" role=\"button\" class=\"tile-inner modula-item-link\"><\/a>\n\t\t\n\t\t<img loading=\"lazy\" class=\"pic wp-image-876 lazyload\"  data-valign=\"middle\" data-halign=\"center\" alt=\"\" data-full=\"https:\/\/haut-en-couleurs.fr\/wp-content\/uploads\/2023\/06\/hlm-019.jpg\" title=\"hlm - 019\" width=\"300\" height=\"236\" data-src=\"https:\/\/haut-en-couleurs.fr\/wp-content\/uploads\/2023\/06\/hlm-019-300x236.jpg\" data-caption=\"\" data-source=\"modula\" data-srcset=\"https:\/\/haut-en-couleurs.fr\/wp-content\/uploads\/2023\/06\/hlm-019.jpg 1754w, https:\/\/haut-en-couleurs.fr\/wp-content\/uploads\/2023\/06\/hlm-019-300x236.jpg 300w, https:\/\/haut-en-couleurs.fr\/wp-content\/uploads\/2023\/06\/hlm-019-1024x804.jpg 1024w, https:\/\/haut-en-couleurs.fr\/wp-content\/uploads\/2023\/06\/hlm-019-768x603.jpg 768w, https:\/\/haut-en-couleurs.fr\/wp-content\/uploads\/2023\/06\/hlm-019-1536x1207.jpg 1536w\" data-sizes=\"(max-width: 300px) 100vw, 300px\" \/>\n\t\t<div class=\"figc no-description\">\n\t\t\t<div class=\"figc-inner\">\n\t\t\t\t\t\t\t\t\t\t\t\t\t\t\t<\/div>\n\t\t<\/div>\n\n\t<\/div>\n\n<\/div>\t\t\n\t<\/div>\n\n\t\n\t\n\t<script type=\"application\/ld+json\">\n\t{\n\t\t\"@context\": \"http:\/\/schema.org\",\n\t\t\"@type\"   : \"ImageGallery\",\n\t\t\"id\"      : \"https:\/\/haut-en-couleurs.fr\/index.php\/hors-les-murs\/stages-et-sorties\/\",\n\t\t\"url\"     : \"https:\/\/haut-en-couleurs.fr\/index.php\/hors-les-murs\/stages-et-sorties\/\"\n\t}\n\n\t<\/script>\n\n\t\n<\/div>\n\t\t\t\t<\/div>\n\t\t\t\t<\/div>\n\t\t\t\t\t<\/div>\n\t\t<\/div>\n\t\t\t\t\t<\/div>\n\t\t<\/section>\n\t\t\t\t<section class=\"elementor-section elementor-top-section elementor-element elementor-element-7d6ac81 elementor-section-boxed elementor-section-height-default elementor-section-height-default\" data-id=\"7d6ac81\" data-element_type=\"section\">\n\t\t\t\t\t\t<div class=\"elementor-container elementor-column-gap-default\">\n\t\t\t\t\t<div class=\"elementor-column elementor-col-33 elementor-top-column elementor-element elementor-element-187b4d7\" data-id=\"187b4d7\" data-element_type=\"column\">\n\t\t\t<div class=\"elementor-widget-wrap\">\n\t\t\t\t\t\t\t<\/div>\n\t\t<\/div>\n\t\t\t\t<div class=\"elementor-column elementor-col-33 elementor-top-column elementor-element elementor-element-3394aaa\" data-id=\"3394aaa\" data-element_type=\"column\">\n\t\t\t<div class=\"elementor-widget-wrap elementor-element-populated\">\n\t\t\t\t\t\t<div class=\"elementor-element elementor-element-20f93c1 elementor-align-center elementor-widget elementor-widget-button\" data-id=\"20f93c1\" data-element_type=\"widget\" data-widget_type=\"button.default\">\n\t\t\t\t<div class=\"elementor-widget-container\">\n\t\t\t\t\t\t\t\t\t<div class=\"elementor-button-wrapper\">\n\t\t\t\t\t<a class=\"elementor-button elementor-button-link elementor-size-md\" href=\"https:\/\/haut-en-couleurs.fr\/index.php\/hors-les-murs\/\">\n\t\t\t\t\t\t<span class=\"elementor-button-content-wrapper\">\n\t\t\t\t\t\t\t\t\t<span class=\"elementor-button-text\">Retour vers la page des activit\u00e9s hors les murs<\/span>\n\t\t\t\t\t<\/span>\n\t\t\t\t\t<\/a>\n\t\t\t\t<\/div>\n\t\t\t\t\t\t\t\t<\/div>\n\t\t\t\t<\/div>\n\t\t\t\t\t<\/div>\n\t\t<\/div>\n\t\t\t\t<div class=\"elementor-column elementor-col-33 elementor-top-column elementor-element elementor-element-56ad6a8\" data-id=\"56ad6a8\" data-element_type=\"column\">\n\t\t\t<div class=\"elementor-widget-wrap\">\n\t\t\t\t\t\t\t<\/div>\n\t\t<\/div>\n\t\t\t\t\t<\/div>\n\t\t<\/section>\n\t\t\t\t<\/div>\n\t\t","protected":false},"excerpt":{"rendered":"<p>Stages et sorties Quand la m\u00e9t\u00e9o le permet, nous profitons des charmes de nos parcs pour nous lancer dans des s\u00e9ances \u00ab\u00a0sur le motif\u00a0\u00bb, tr\u00e8s appr\u00e9ci\u00e9es de nos adh\u00e9rents. Edit gallery Retour vers la page des activit\u00e9s hors les murs<\/p>\n","protected":false},"author":1,"featured_media":0,"parent":801,"menu_order":1,"comment_status":"closed","ping_status":"closed","template":"","meta":{"ocean_post_layout":"","ocean_both_sidebars_style":"","ocean_both_sidebars_content_width":0,"ocean_both_sidebars_sidebars_width":0,"ocean_sidebar":"0","ocean_second_sidebar":"0","ocean_disable_margins":"enable","ocean_add_body_class":"","ocean_shortcode_before_top_bar":"","ocean_shortcode_after_top_bar":"","ocean_shortcode_before_header":"","ocean_shortcode_after_header":"","ocean_has_shortcode":"","ocean_shortcode_after_title":"","ocean_shortcode_before_footer_widgets":"","ocean_shortcode_after_footer_widgets":"","ocean_shortcode_before_footer_bottom":"","ocean_shortcode_after_footer_bottom":"","ocean_display_top_bar":"default","ocean_display_header":"default","ocean_header_style":"","ocean_center_header_left_menu":"0","ocean_custom_header_template":"0","ocean_custom_logo":0,"ocean_custom_retina_logo":0,"ocean_custom_logo_max_width":0,"ocean_custom_logo_tablet_max_width":0,"ocean_custom_logo_mobile_max_width":0,"ocean_custom_logo_max_height":0,"ocean_custom_logo_tablet_max_height":0,"ocean_custom_logo_mobile_max_height":0,"ocean_header_custom_menu":"0","ocean_menu_typo_font_family":"0","ocean_menu_typo_font_subset":"","ocean_menu_typo_font_size":0,"ocean_menu_typo_font_size_tablet":0,"ocean_menu_typo_font_size_mobile":0,"ocean_menu_typo_font_size_unit":"px","ocean_menu_typo_font_weight":"","ocean_menu_typo_font_weight_tablet":"","ocean_menu_typo_font_weight_mobile":"","ocean_menu_typo_transform":"","ocean_menu_typo_transform_tablet":"","ocean_menu_typo_transform_mobile":"","ocean_menu_typo_line_height":0,"ocean_menu_typo_line_height_tablet":0,"ocean_menu_typo_line_height_mobile":0,"ocean_menu_typo_line_height_unit":"","ocean_menu_typo_spacing":0,"ocean_menu_typo_spacing_tablet":0,"ocean_menu_typo_spacing_mobile":0,"ocean_menu_typo_spacing_unit":"","ocean_menu_link_color":"","ocean_menu_link_color_hover":"","ocean_menu_link_color_active":"","ocean_menu_link_background":"","ocean_menu_link_hover_background":"","ocean_menu_link_active_background":"","ocean_menu_social_links_bg":"","ocean_menu_social_hover_links_bg":"","ocean_menu_social_links_color":"","ocean_menu_social_hover_links_color":"","ocean_disable_title":"default","ocean_disable_heading":"on","ocean_post_title":"","ocean_post_subheading":"","ocean_post_title_style":"","ocean_post_title_background_color":"","ocean_post_title_background":0,"ocean_post_title_bg_image_position":"","ocean_post_title_bg_image_attachment":"","ocean_post_title_bg_image_repeat":"","ocean_post_title_bg_image_size":"","ocean_post_title_height":0,"ocean_post_title_bg_overlay":0.5,"ocean_post_title_bg_overlay_color":"","ocean_disable_breadcrumbs":"default","ocean_breadcrumbs_color":"","ocean_breadcrumbs_separator_color":"","ocean_breadcrumbs_links_color":"","ocean_breadcrumbs_links_hover_color":"","ocean_display_footer_widgets":"default","ocean_display_footer_bottom":"default","ocean_custom_footer_template":"0","footnotes":""},"class_list":["post-865","page","type-page","status-publish","hentry","entry"],"_links":{"self":[{"href":"https:\/\/haut-en-couleurs.fr\/index.php\/wp-json\/wp\/v2\/pages\/865","targetHints":{"allow":["GET"]}}],"collection":[{"href":"https:\/\/haut-en-couleurs.fr\/index.php\/wp-json\/wp\/v2\/pages"}],"about":[{"href":"https:\/\/haut-en-couleurs.fr\/index.php\/wp-json\/wp\/v2\/types\/page"}],"author":[{"embeddable":true,"href":"https:\/\/haut-en-couleurs.fr\/index.php\/wp-json\/wp\/v2\/users\/1"}],"replies":[{"embeddable":true,"href":"https:\/\/haut-en-couleurs.fr\/index.php\/wp-json\/wp\/v2\/comments?post=865"}],"version-history":[{"count":13,"href":"https:\/\/haut-en-couleurs.fr\/index.php\/wp-json\/wp\/v2\/pages\/865\/revisions"}],"predecessor-version":[{"id":931,"href":"https:\/\/haut-en-couleurs.fr\/index.php\/wp-json\/wp\/v2\/pages\/865\/revisions\/931"}],"up":[{"embeddable":true,"href":"https:\/\/haut-en-couleurs.fr\/index.php\/wp-json\/wp\/v2\/pages\/801"}],"wp:attachment":[{"href":"https:\/\/haut-en-couleurs.fr\/index.php\/wp-json\/wp\/v2\/media?parent=865"}],"curies":[{"name":"wp","href":"https:\/\/api.w.org\/{rel}","templated":true}]}}